
{"id":953933,"date":"2025-11-28T12:09:57","date_gmt":"2025-11-28T11:09:57","guid":{"rendered":"https:\/\/www.lacollesurloup-tourisme.com\/parkings-et-transports\/"},"modified":"2026-04-23T15:58:07","modified_gmt":"2026-04-23T13:58:07","slug":"mobilite-et-stationnement","status":"publish","type":"page","link":"https:\/\/www.lacollesurloup-tourisme.com\/it\/mobilite-et-stationnement\/","title":{"rendered":"Mobilit\u00e9 et Stationnement"},"content":{"rendered":"<p>\ud83d\ude8c Vous trouverez ci-joint un petit guide des transports en commun, au d\u00e9part de la Colle-sur-Loup. Avec les diff\u00e9rentes compagnies de bus, certains tarifs et abonnements, ainsi que diff\u00e9rentes destinations :\u00a0<em><strong><a href=\"https:\/\/www.lacollesurloup-tourisme.com\/\/wp-content\/uploads\/2025\/11\/Transports-et-deplacements-3.pdf\">Transports et d\u00e9placements au d\u00e9part de La Colle-Sur-Loup<\/a><\/strong><\/em><\/p>\n<p>\ud83d\ude97 Lien recensant tous les parkings disponibles dans la commune de la Colle-sur-Loup. Tous les parkings sont gratuit, m\u00eame les places en dur\u00e9e limit\u00e9e. Pour ces places en dur\u00e9e limit\u00e9e (2h ou 4h), vous devez apposez obligatoirement un disque bleu (se trouve en grande surface, ou bien dans notre boutique, au prix de 1\u20ac) : <em><strong><a href=\"https:\/\/www.lacollesurloup-tourisme.com\/\/wp-content\/uploads\/2025\/12\/places-parking-commune.pdf\">Parkings de la commune<\/a><\/strong><\/em><\/p>\n<p>\ud83d\udca1 Ici, la carte des bornes de recharges \u00e9lectriques pour les voitures \u00e9lectriques. Veuillez rentrer votre adresse de localisation sur le site, pour trouver les bornes \u00e9lectriques les plus proches : <em><strong><a href=\"https:\/\/izivia.com\/carte-bornes-de-recharge-izivia\">Carte des bornes de recharges \u00e9lectriques<\/a><\/strong><\/em><\/p>\n<p>\ud83d\udeb2 C\u00f4t\u00e9 mobilit\u00e9s douces, nous avons \u00e9galement pens\u00e9 \u00e0 vous ! Vous pouvez stationner votre v\u00e9lo en toute s\u00e9curit\u00e9 \u00e0 l&#8217;Office de Tourisme pendant nos horaires d&#8217;ouverture. Pour les petits impr\u00e9vus ou les longs trajets, nous mettons \u00e0 votre disposition de quoi regonfler vos pneus et la possibilit\u00e9 de charger vos batteries de v\u00e9lo \u00e9lectrique si besoin. Profitez d&#8217;une escale en toute s\u00e9r\u00e9nit\u00e9 !<\/p>\n","protected":false},"excerpt":{"rendered":"<p>\ud83d\ude8c Vous trouverez ci-joint un petit guide des transports en commun, au d\u00e9part de la Colle-sur-Loup. Avec les diff\u00e9rentes compagnies [&hellip;]<\/p>\n","protected":false},"author":7,"featured_media":1008672,"parent":0,"menu_order":0,"comment_status":"closed","ping_status":"closed","template":"template-page-simple.php","meta":{"footnotes":""},"class_list":["post-953933","page","type-page","status-publish","has-post-thumbnail","hentry"],"yoast_head":"<!-- This site is optimized with the Yoast SEO plugin v24.1 - https:\/\/yoast.com\/wordpress\/plugins\/seo\/ -->\n<title>Mobilit\u00e9 et Stationnement - La Colle-sur-Loup<\/title>\n<meta name=\"robots\" content=\"index, follow, max-snippet:-1, max-image-preview:large, max-video-preview:-1\" \/>\n<link rel=\"canonical\" href=\"https:\/\/www.lacollesurloup-tourisme.com\/it\/mobilite-et-stationnement\/\" \/>\n<meta property=\"og:locale\" content=\"it_IT\" \/>\n<meta property=\"og:type\" content=\"article\" \/>\n<meta property=\"og:title\" content=\"Mobilit\u00e9 et Stationnement - La Colle-sur-Loup\" \/>\n<meta property=\"og:description\" content=\"\ud83d\ude8c Vous trouverez ci-joint un petit guide des transports en commun, au d\u00e9part de la Colle-sur-Loup. Avec les diff\u00e9rentes compagnies [&hellip;]\" \/>\n<meta property=\"og:url\" content=\"https:\/\/www.lacollesurloup-tourisme.com\/it\/mobilite-et-stationnement\/\" \/>\n<meta property=\"og:site_name\" content=\"La Colle-sur-Loup\" \/>\n<meta property=\"article:modified_time\" content=\"2026-04-23T13:58:07+00:00\" \/>\n<meta name=\"twitter:card\" content=\"summary_large_image\" \/>\n<meta name=\"twitter:label1\" content=\"Tempo di lettura stimato\" \/>\n\t<meta name=\"twitter:data1\" content=\"1 minuto\" \/>\n<script type=\"application\/ld+json\" class=\"yoast-schema-graph\">{\"@context\":\"https:\/\/schema.org\",\"@graph\":[{\"@type\":\"WebPage\",\"@id\":\"https:\/\/www.lacollesurloup-tourisme.com\/it\/mobilite-et-stationnement\/\",\"url\":\"https:\/\/www.lacollesurloup-tourisme.com\/it\/mobilite-et-stationnement\/\",\"name\":\"Mobilit\u00e9 et Stationnement - La Colle-sur-Loup\",\"isPartOf\":{\"@id\":\"https:\/\/www.lacollesurloup-tourisme.com\/#website\"},\"primaryImageOfPage\":{\"@id\":\"https:\/\/www.lacollesurloup-tourisme.com\/it\/mobilite-et-stationnement\/#primaryimage\"},\"image\":{\"@id\":\"https:\/\/www.lacollesurloup-tourisme.com\/it\/mobilite-et-stationnement\/#primaryimage\"},\"thumbnailUrl\":\"https:\/\/www.lacollesurloup-tourisme.com\/\/wp-content\/uploads\/2026\/04\/La-Colle-Sur-Loup-B6-drone-51-sur-51-scaled.jpg\",\"datePublished\":\"2025-11-28T11:09:57+00:00\",\"dateModified\":\"2026-04-23T13:58:07+00:00\",\"breadcrumb\":{\"@id\":\"https:\/\/www.lacollesurloup-tourisme.com\/it\/mobilite-et-stationnement\/#breadcrumb\"},\"inLanguage\":\"it-IT\",\"potentialAction\":[{\"@type\":\"ReadAction\",\"target\":[\"https:\/\/www.lacollesurloup-tourisme.com\/it\/mobilite-et-stationnement\/\"]}]},{\"@type\":\"ImageObject\",\"inLanguage\":\"it-IT\",\"@id\":\"https:\/\/www.lacollesurloup-tourisme.com\/it\/mobilite-et-stationnement\/#primaryimage\",\"url\":\"https:\/\/www.lacollesurloup-tourisme.com\/\/wp-content\/uploads\/2026\/04\/La-Colle-Sur-Loup-B6-drone-51-sur-51-scaled.jpg\",\"contentUrl\":\"https:\/\/www.lacollesurloup-tourisme.com\/\/wp-content\/uploads\/2026\/04\/La-Colle-Sur-Loup-B6-drone-51-sur-51-scaled.jpg\",\"width\":2560,\"height\":896},{\"@type\":\"BreadcrumbList\",\"@id\":\"https:\/\/www.lacollesurloup-tourisme.com\/it\/mobilite-et-stationnement\/#breadcrumb\",\"itemListElement\":[{\"@type\":\"ListItem\",\"position\":1,\"name\":\"Accueil\",\"item\":\"https:\/\/www.lacollesurloup-tourisme.com\/it\/\"},{\"@type\":\"ListItem\",\"position\":2,\"name\":\"Mobilit\u00e9 et Stationnement\"}]},{\"@type\":\"WebSite\",\"@id\":\"https:\/\/www.lacollesurloup-tourisme.com\/#website\",\"url\":\"https:\/\/www.lacollesurloup-tourisme.com\/\",\"name\":\"La Colle-sur-Loup\",\"description\":\"La Colle-sur-Loup\",\"potentialAction\":[{\"@type\":\"SearchAction\",\"target\":{\"@type\":\"EntryPoint\",\"urlTemplate\":\"https:\/\/www.lacollesurloup-tourisme.com\/?s={search_term_string}\"},\"query-input\":{\"@type\":\"PropertyValueSpecification\",\"valueRequired\":true,\"valueName\":\"search_term_string\"}}],\"inLanguage\":\"it-IT\"}]}<\/script>\n<!-- \/ Yoast SEO plugin. -->","yoast_head_json":{"title":"Mobilit\u00e9 et Stationnement - La Colle-sur-Loup","robots":{"index":"index","follow":"follow","max-snippet":"max-snippet:-1","max-image-preview":"max-image-preview:large","max-video-preview":"max-video-preview:-1"},"canonical":"https:\/\/www.lacollesurloup-tourisme.com\/it\/mobilite-et-stationnement\/","og_locale":"it_IT","og_type":"article","og_title":"Mobilit\u00e9 et Stationnement - La Colle-sur-Loup","og_description":"\ud83d\ude8c Vous trouverez ci-joint un petit guide des transports en commun, au d\u00e9part de la Colle-sur-Loup. Avec les diff\u00e9rentes compagnies [&hellip;]","og_url":"https:\/\/www.lacollesurloup-tourisme.com\/it\/mobilite-et-stationnement\/","og_site_name":"La Colle-sur-Loup","article_modified_time":"2026-04-23T13:58:07+00:00","twitter_card":"summary_large_image","twitter_misc":{"Tempo di lettura stimato":"1 minuto"},"schema":{"@context":"https:\/\/schema.org","@graph":[{"@type":"WebPage","@id":"https:\/\/www.lacollesurloup-tourisme.com\/it\/mobilite-et-stationnement\/","url":"https:\/\/www.lacollesurloup-tourisme.com\/it\/mobilite-et-stationnement\/","name":"Mobilit\u00e9 et Stationnement - La Colle-sur-Loup","isPartOf":{"@id":"https:\/\/www.lacollesurloup-tourisme.com\/#website"},"primaryImageOfPage":{"@id":"https:\/\/www.lacollesurloup-tourisme.com\/it\/mobilite-et-stationnement\/#primaryimage"},"image":{"@id":"https:\/\/www.lacollesurloup-tourisme.com\/it\/mobilite-et-stationnement\/#primaryimage"},"thumbnailUrl":"https:\/\/www.lacollesurloup-tourisme.com\/\/wp-content\/uploads\/2026\/04\/La-Colle-Sur-Loup-B6-drone-51-sur-51-scaled.jpg","datePublished":"2025-11-28T11:09:57+00:00","dateModified":"2026-04-23T13:58:07+00:00","breadcrumb":{"@id":"https:\/\/www.lacollesurloup-tourisme.com\/it\/mobilite-et-stationnement\/#breadcrumb"},"inLanguage":"it-IT","potentialAction":[{"@type":"ReadAction","target":["https:\/\/www.lacollesurloup-tourisme.com\/it\/mobilite-et-stationnement\/"]}]},{"@type":"ImageObject","inLanguage":"it-IT","@id":"https:\/\/www.lacollesurloup-tourisme.com\/it\/mobilite-et-stationnement\/#primaryimage","url":"https:\/\/www.lacollesurloup-tourisme.com\/\/wp-content\/uploads\/2026\/04\/La-Colle-Sur-Loup-B6-drone-51-sur-51-scaled.jpg","contentUrl":"https:\/\/www.lacollesurloup-tourisme.com\/\/wp-content\/uploads\/2026\/04\/La-Colle-Sur-Loup-B6-drone-51-sur-51-scaled.jpg","width":2560,"height":896},{"@type":"BreadcrumbList","@id":"https:\/\/www.lacollesurloup-tourisme.com\/it\/mobilite-et-stationnement\/#breadcrumb","itemListElement":[{"@type":"ListItem","position":1,"name":"Accueil","item":"https:\/\/www.lacollesurloup-tourisme.com\/it\/"},{"@type":"ListItem","position":2,"name":"Mobilit\u00e9 et Stationnement"}]},{"@type":"WebSite","@id":"https:\/\/www.lacollesurloup-tourisme.com\/#website","url":"https:\/\/www.lacollesurloup-tourisme.com\/","name":"La Colle-sur-Loup","description":"La Colle-sur-Loup","potentialAction":[{"@type":"SearchAction","target":{"@type":"EntryPoint","urlTemplate":"https:\/\/www.lacollesurloup-tourisme.com\/?s={search_term_string}"},"query-input":{"@type":"PropertyValueSpecification","valueRequired":true,"valueName":"search_term_string"}}],"inLanguage":"it-IT"}]}},"_links":{"self":[{"href":"https:\/\/www.lacollesurloup-tourisme.com\/it\/wp-json\/wp\/v2\/pages\/953933","targetHints":{"allow":["GET"]}}],"collection":[{"href":"https:\/\/www.lacollesurloup-tourisme.com\/it\/wp-json\/wp\/v2\/pages"}],"about":[{"href":"https:\/\/www.lacollesurloup-tourisme.com\/it\/wp-json\/wp\/v2\/types\/page"}],"author":[{"embeddable":true,"href":"https:\/\/www.lacollesurloup-tourisme.com\/it\/wp-json\/wp\/v2\/users\/7"}],"replies":[{"embeddable":true,"href":"https:\/\/www.lacollesurloup-tourisme.com\/it\/wp-json\/wp\/v2\/comments?post=953933"}],"version-history":[{"count":10,"href":"https:\/\/www.lacollesurloup-tourisme.com\/it\/wp-json\/wp\/v2\/pages\/953933\/revisions"}],"predecessor-version":[{"id":995646,"href":"https:\/\/www.lacollesurloup-tourisme.com\/it\/wp-json\/wp\/v2\/pages\/953933\/revisions\/995646"}],"wp:featuredmedia":[{"embeddable":true,"href":"https:\/\/www.lacollesurloup-tourisme.com\/it\/wp-json\/wp\/v2\/media\/1008672"}],"wp:attachment":[{"href":"https:\/\/www.lacollesurloup-tourisme.com\/it\/wp-json\/wp\/v2\/media?parent=953933"}],"curies":[{"name":"wp","href":"https:\/\/api.w.org\/{rel}","templated":true}]}}