
{"id":954018,"date":"2025-12-20T11:47:38","date_gmt":"2025-12-20T10:47:38","guid":{"rendered":"https:\/\/www.lacollesurloup-tourisme.com\/?page_id=954018"},"modified":"2025-12-20T11:47:38","modified_gmt":"2025-12-20T10:47:38","slug":"dormire-e-mangiare-a-la-colle-sur-loup","status":"publish","type":"page","link":"https:\/\/www.lacollesurloup-tourisme.com\/it\/dormire-e-mangiare-a-la-colle-sur-loup\/","title":{"rendered":"Dormire e mangiare a La Colle-sur-Loup"},"content":{"rendered":"<h3 data-start=\"74\" data-end=\"138\"><strong data-start=\"78\" data-end=\"138\">Vacanze a La Colle-sur-Loup: Mangiare, Dormire, Scoprire<\/strong><\/h3>\n<p data-start=\"140\" data-end=\"398\">Benvenuti a La Colle-sur-Loup, un affascinante borgo incastonato tra mare e montagna, nel cuore della Costa Azzurra. Che siate alla ricerca di gastronomia, relax o scoperte culturali, la nostra destinazione vi accoglie per un\u2019esperienza autentica e calorosa.<\/p>\n<hr data-start=\"400\" data-end=\"403\" \/>\n<h3 data-start=\"405\" data-end=\"441\"><strong data-start=\"409\" data-end=\"441\">Mangiare a La Colle-sur-Loup<\/strong><\/h3>\n<p data-start=\"443\" data-end=\"698\">Avete voglia di assaporare i sapori del Sud?<br data-start=\"487\" data-end=\"490\" \/>La Colle-sur-Loup offre una vasta scelta di ristoranti tradizionali, bistrot accoglienti, pizzerie artigianali e ristoranti gourmet. Qui i prodotti locali sono protagonisti e ogni pasto diventa un\u2019esperienza.<\/p>\n<p data-start=\"700\" data-end=\"776\">\u27a1\ufe0f Scoprite la nostra selezione di locali dove mangiare a La Colle-sur-Loup.<\/p>\n<hr data-start=\"778\" data-end=\"781\" \/>\n<h3 data-start=\"783\" data-end=\"818\"><strong data-start=\"787\" data-end=\"818\">Dormire a La Colle-sur-Loup<\/strong><\/h3>\n<p data-start=\"820\" data-end=\"1074\">Per una notte o per un soggiorno pi\u00f9 lungo, il nostro borgo propone un\u2019ampia variet\u00e0 di alloggi: hotel di charme, bed &amp; breakfast, case vacanza, g\u00eete e persino soggiorni insoliti. Tranquillit\u00e0, accoglienza e un contesto naturale d\u2019eccezione vi aspettano.<\/p>\n<p data-start=\"1076\" data-end=\"1133\">\u27a1\ufe0f Trovate il vostro alloggio ideale a La Colle-sur-Loup.<\/p>\n<hr data-start=\"1135\" data-end=\"1138\" \/>\n<h3 data-start=\"1140\" data-end=\"1185\"><strong data-start=\"1144\" data-end=\"1185\">Le vostre vacanze a La Colle-sur-Loup<\/strong><\/h3>\n<p data-start=\"1187\" data-end=\"1440\">Tra passeggiate nella natura, mercati artigianali, mostre, animazioni culturali ed eventi durante tutto l\u2019anno, La Colle-sur-Loup vi invita a vivere al vostro ritmo. Godetevi un ambiente preservato per rigenerarvi, esplorare o semplicemente passeggiare.<\/p>\n<p data-start=\"1442\" data-end=\"1539\">\u27a1\ufe0f Iniziate subito a organizzare le vostre vacanze e vivete l\u2019<em data-start=\"1504\" data-end=\"1518\">Art de Vivre<\/em> a La Colle-sur-Loup.<\/p>\n","protected":false},"excerpt":{"rendered":"<p>Vacanze a La Colle-sur-Loup: Mangiare, Dormire, Scoprire Benvenuti a La Colle-sur-Loup, un affascinante borgo incastonato tra mare e montagna, nel [&hellip;]<\/p>\n","protected":false},"author":7,"featured_media":0,"parent":0,"menu_order":0,"comment_status":"closed","ping_status":"closed","template":"","meta":{"footnotes":""},"class_list":["post-954018","page","type-page","status-publish","hentry"],"yoast_head":"<!-- This site is optimized with the Yoast SEO plugin v24.1 - https:\/\/yoast.com\/wordpress\/plugins\/seo\/ -->\n<title>Dormire e mangiare a La Colle-sur-Loup - La Colle-sur-Loup<\/title>\n<meta name=\"robots\" content=\"index, follow, max-snippet:-1, max-image-preview:large, max-video-preview:-1\" \/>\n<link rel=\"canonical\" href=\"https:\/\/www.lacollesurloup-tourisme.com\/it\/dormire-e-mangiare-a-la-colle-sur-loup\/\" \/>\n<meta property=\"og:locale\" content=\"it_IT\" \/>\n<meta property=\"og:type\" content=\"article\" \/>\n<meta property=\"og:title\" content=\"Dormire e mangiare a La Colle-sur-Loup - La Colle-sur-Loup\" \/>\n<meta property=\"og:description\" content=\"Vacanze a La Colle-sur-Loup: Mangiare, Dormire, Scoprire Benvenuti a La Colle-sur-Loup, un affascinante borgo incastonato tra mare e montagna, nel [&hellip;]\" \/>\n<meta property=\"og:url\" content=\"https:\/\/www.lacollesurloup-tourisme.com\/it\/dormire-e-mangiare-a-la-colle-sur-loup\/\" \/>\n<meta property=\"og:site_name\" content=\"La Colle-sur-Loup\" \/>\n<meta name=\"twitter:card\" content=\"summary_large_image\" \/>\n<meta name=\"twitter:label1\" content=\"Tempo di lettura stimato\" \/>\n\t<meta name=\"twitter:data1\" content=\"2 minuti\" \/>\n<script type=\"application\/ld+json\" class=\"yoast-schema-graph\">{\"@context\":\"https:\/\/schema.org\",\"@graph\":[{\"@type\":\"WebPage\",\"@id\":\"https:\/\/www.lacollesurloup-tourisme.com\/it\/dormire-e-mangiare-a-la-colle-sur-loup\/\",\"url\":\"https:\/\/www.lacollesurloup-tourisme.com\/it\/dormire-e-mangiare-a-la-colle-sur-loup\/\",\"name\":\"Dormire e mangiare a La Colle-sur-Loup - La Colle-sur-Loup\",\"isPartOf\":{\"@id\":\"https:\/\/www.lacollesurloup-tourisme.com\/#website\"},\"datePublished\":\"2025-12-20T10:47:38+00:00\",\"dateModified\":\"2025-12-20T10:47:38+00:00\",\"breadcrumb\":{\"@id\":\"https:\/\/www.lacollesurloup-tourisme.com\/it\/dormire-e-mangiare-a-la-colle-sur-loup\/#breadcrumb\"},\"inLanguage\":\"it-IT\",\"potentialAction\":[{\"@type\":\"ReadAction\",\"target\":[\"https:\/\/www.lacollesurloup-tourisme.com\/it\/dormire-e-mangiare-a-la-colle-sur-loup\/\"]}]},{\"@type\":\"BreadcrumbList\",\"@id\":\"https:\/\/www.lacollesurloup-tourisme.com\/it\/dormire-e-mangiare-a-la-colle-sur-loup\/#breadcrumb\",\"itemListElement\":[{\"@type\":\"ListItem\",\"position\":1,\"name\":\"Accueil\",\"item\":\"https:\/\/www.lacollesurloup-tourisme.com\/it\/\"},{\"@type\":\"ListItem\",\"position\":2,\"name\":\"Dormire e mangiare a La Colle-sur-Loup\"}]},{\"@type\":\"WebSite\",\"@id\":\"https:\/\/www.lacollesurloup-tourisme.com\/#website\",\"url\":\"https:\/\/www.lacollesurloup-tourisme.com\/\",\"name\":\"La Colle-sur-Loup\",\"description\":\"La Colle-sur-Loup\",\"potentialAction\":[{\"@type\":\"SearchAction\",\"target\":{\"@type\":\"EntryPoint\",\"urlTemplate\":\"https:\/\/www.lacollesurloup-tourisme.com\/?s={search_term_string}\"},\"query-input\":{\"@type\":\"PropertyValueSpecification\",\"valueRequired\":true,\"valueName\":\"search_term_string\"}}],\"inLanguage\":\"it-IT\"}]}<\/script>\n<!-- \/ Yoast SEO plugin. -->","yoast_head_json":{"title":"Dormire e mangiare a La Colle-sur-Loup - La Colle-sur-Loup","robots":{"index":"index","follow":"follow","max-snippet":"max-snippet:-1","max-image-preview":"max-image-preview:large","max-video-preview":"max-video-preview:-1"},"canonical":"https:\/\/www.lacollesurloup-tourisme.com\/it\/dormire-e-mangiare-a-la-colle-sur-loup\/","og_locale":"it_IT","og_type":"article","og_title":"Dormire e mangiare a La Colle-sur-Loup - La Colle-sur-Loup","og_description":"Vacanze a La Colle-sur-Loup: Mangiare, Dormire, Scoprire Benvenuti a La Colle-sur-Loup, un affascinante borgo incastonato tra mare e montagna, nel [&hellip;]","og_url":"https:\/\/www.lacollesurloup-tourisme.com\/it\/dormire-e-mangiare-a-la-colle-sur-loup\/","og_site_name":"La Colle-sur-Loup","twitter_card":"summary_large_image","twitter_misc":{"Tempo di lettura stimato":"2 minuti"},"schema":{"@context":"https:\/\/schema.org","@graph":[{"@type":"WebPage","@id":"https:\/\/www.lacollesurloup-tourisme.com\/it\/dormire-e-mangiare-a-la-colle-sur-loup\/","url":"https:\/\/www.lacollesurloup-tourisme.com\/it\/dormire-e-mangiare-a-la-colle-sur-loup\/","name":"Dormire e mangiare a La Colle-sur-Loup - La Colle-sur-Loup","isPartOf":{"@id":"https:\/\/www.lacollesurloup-tourisme.com\/#website"},"datePublished":"2025-12-20T10:47:38+00:00","dateModified":"2025-12-20T10:47:38+00:00","breadcrumb":{"@id":"https:\/\/www.lacollesurloup-tourisme.com\/it\/dormire-e-mangiare-a-la-colle-sur-loup\/#breadcrumb"},"inLanguage":"it-IT","potentialAction":[{"@type":"ReadAction","target":["https:\/\/www.lacollesurloup-tourisme.com\/it\/dormire-e-mangiare-a-la-colle-sur-loup\/"]}]},{"@type":"BreadcrumbList","@id":"https:\/\/www.lacollesurloup-tourisme.com\/it\/dormire-e-mangiare-a-la-colle-sur-loup\/#breadcrumb","itemListElement":[{"@type":"ListItem","position":1,"name":"Accueil","item":"https:\/\/www.lacollesurloup-tourisme.com\/it\/"},{"@type":"ListItem","position":2,"name":"Dormire e mangiare a La Colle-sur-Loup"}]},{"@type":"WebSite","@id":"https:\/\/www.lacollesurloup-tourisme.com\/#website","url":"https:\/\/www.lacollesurloup-tourisme.com\/","name":"La Colle-sur-Loup","description":"La Colle-sur-Loup","potentialAction":[{"@type":"SearchAction","target":{"@type":"EntryPoint","urlTemplate":"https:\/\/www.lacollesurloup-tourisme.com\/?s={search_term_string}"},"query-input":{"@type":"PropertyValueSpecification","valueRequired":true,"valueName":"search_term_string"}}],"inLanguage":"it-IT"}]}},"_links":{"self":[{"href":"https:\/\/www.lacollesurloup-tourisme.com\/it\/wp-json\/wp\/v2\/pages\/954018","targetHints":{"allow":["GET"]}}],"collection":[{"href":"https:\/\/www.lacollesurloup-tourisme.com\/it\/wp-json\/wp\/v2\/pages"}],"about":[{"href":"https:\/\/www.lacollesurloup-tourisme.com\/it\/wp-json\/wp\/v2\/types\/page"}],"author":[{"embeddable":true,"href":"https:\/\/www.lacollesurloup-tourisme.com\/it\/wp-json\/wp\/v2\/users\/7"}],"replies":[{"embeddable":true,"href":"https:\/\/www.lacollesurloup-tourisme.com\/it\/wp-json\/wp\/v2\/comments?post=954018"}],"version-history":[{"count":1,"href":"https:\/\/www.lacollesurloup-tourisme.com\/it\/wp-json\/wp\/v2\/pages\/954018\/revisions"}],"predecessor-version":[{"id":954019,"href":"https:\/\/www.lacollesurloup-tourisme.com\/it\/wp-json\/wp\/v2\/pages\/954018\/revisions\/954019"}],"wp:attachment":[{"href":"https:\/\/www.lacollesurloup-tourisme.com\/it\/wp-json\/wp\/v2\/media?parent=954018"}],"curies":[{"name":"wp","href":"https:\/\/api.w.org\/{rel}","templated":true}]}}